{"id":2674,"date":"2024-03-13T11:41:05","date_gmt":"2024-03-13T10:41:05","guid":{"rendered":"https:\/\/dihbai-tur.com.es\/?page_id=2674"},"modified":"2024-03-13T11:41:05","modified_gmt":"2024-03-13T10:41:05","slug":"home-one-ing-2","status":"publish","type":"page","link":"https:\/\/dihbai-tur.com\/en\/home-one-ing-2\/","title":{"rendered":"Home One ing"},"content":{"rendered":"\t\t<div data-elementor-type=\"wp-page\" data-elementor-id=\"2674\" class=\"elementor elementor-2674 elementor-2673\">\n\t\t\t\t\t\t<section class=\"elementor-section elementor-top-section elementor-element elementor-element-9eadc9d elementor-section-full_width elementor-section-stretched elementor-section-height-default elementor-section-height-default\" data-id=\"9eadc9d\" data-element_type=\"section\" data-settings=\"{&quot;stretch_section&quot;:&quot;section-stretched&quot;}\">\n\t\t\t\t\t\t<div class=\"elementor-container elementor-column-gap-no\">\n\t\t\t\t\t<div class=\"elementor-column elementor-col-100 elementor-top-column elementor-element elementor-element-c59be6b\" data-id=\"c59be6b\" data-element_type=\"column\">\n\t\t\t<div class=\"elementor-widget-wrap elementor-element-populated\">\n\t\t\t\t\t\t<div class=\"elementor-element elementor-element-955613f elementor-widget elementor-widget-crysa_slider\" data-id=\"955613f\" data-element_type=\"widget\" data-widget_type=\"crysa_slider.default\">\n\t\t\t\t<div class=\"elementor-widget-container\">\n\t\t\t\t<!-- Start Banner Style One \r\n    ============================================= -->    \r\n    <div class=\"banner-area banner-style-one content-right navigation-custom-large zoom-effect overflow-hidden text-light\">\r\n        <!-- Slider main container -->\r\n        <div class=\"banner-fade\">\r\n            <!-- Additional required wrapper -->\r\n            <div class=\"swiper-wrapper\">\r\n            \t                <!-- Single Item -->\r\n                <div class=\"swiper-slide banner-style-one\">\r\n                    <div class=\"banner-thumb bg-cover shadow dark\" style=\"background: url(https:\/\/dihbai-tur.com.es\/wp-content\/uploads\/2024\/03\/turismo.jpg);\"><\/div>\r\n                    <div class=\"container\">\r\n                        <div class=\"row align-center\">\r\n                            <div class=\"col-xl-7 offset-xl-5\">\r\n                                <div class=\"content\">\r\n                                    <h4>Transformaci\u00f3n digital<\/h4>\r\n                                    <h2>aplicada  <strong>al turismo<\/strong><\/h2>\r\n                                                                    <\/div>\r\n                            <\/div>\r\n                        <\/div>\r\n                    <\/div>\r\n                    <!-- Shape -->\r\n                    <div class=\"banner-angle-shape\">\r\n                        <div class=\"shape-item\"><\/div>\r\n                        <div class=\"shape-item\"><\/div>\r\n                        <div class=\"shape-item\"><\/div>\r\n                    <\/div>\r\n                    <!-- End Shape -->\r\n                <\/div>\r\n                <!-- End Single Item -->\r\n                                <!-- Single Item -->\r\n                <div class=\"swiper-slide banner-style-one\">\r\n                    <div class=\"banner-thumb bg-cover shadow dark\" style=\"background: url(https:\/\/dihbai-tur.com.es\/wp-content\/uploads\/2024\/03\/tecnologia.jpg);\"><\/div>\r\n                    <div class=\"container\">\r\n                        <div class=\"row align-center\">\r\n                            <div class=\"col-xl-7 offset-xl-5\">\r\n                                <div class=\"content\">\r\n                                    <h4>Transformaci\u00f3n digital<\/h4>\r\n                                    <h2>aplicada a las  <strong>empresas<\/strong><\/h2>\r\n                                                                    <\/div>\r\n                            <\/div>\r\n                        <\/div>\r\n                    <\/div>\r\n                    <!-- Shape -->\r\n                    <div class=\"banner-angle-shape\">\r\n                        <div class=\"shape-item\"><\/div>\r\n                        <div class=\"shape-item\"><\/div>\r\n                        <div class=\"shape-item\"><\/div>\r\n                    <\/div>\r\n                    <!-- End Shape -->\r\n                <\/div>\r\n                <!-- End Single Item -->\r\n                                <!-- Single Item -->\r\n                <div class=\"swiper-slide banner-style-one\">\r\n                    <div class=\"banner-thumb bg-cover shadow dark\" style=\"background: url(https:\/\/dihbai-tur.com.es\/wp-content\/uploads\/2024\/03\/agricultura.jpg);\"><\/div>\r\n                    <div class=\"container\">\r\n                        <div class=\"row align-center\">\r\n                            <div class=\"col-xl-7 offset-xl-5\">\r\n                                <div class=\"content\">\r\n                                    <h4>Transformaci\u00f3n digital<\/h4>\r\n                                    <h2>aplicada a la  <strong>agricultura<\/strong><\/h2>\r\n                                                                    <\/div>\r\n                            <\/div>\r\n                        <\/div>\r\n                    <\/div>\r\n                    <!-- Shape -->\r\n                    <div class=\"banner-angle-shape\">\r\n                        <div class=\"shape-item\"><\/div>\r\n                        <div class=\"shape-item\"><\/div>\r\n                        <div class=\"shape-item\"><\/div>\r\n                    <\/div>\r\n                    <!-- End Shape -->\r\n                <\/div>\r\n                <!-- End Single Item -->\r\n                 \r\n            <\/div>\r\n\r\n            <!-- Navigation -->\r\n            <div class=\"swiper-button-prev\"><\/div>\r\n            <div class=\"swiper-button-next\"><\/div>\r\n\r\n        <\/div>        \r\n    <\/div>\r\n    <!-- End Banner Style One  -->\r\n    \t\t<\/div>\n\t\t\t\t<\/div>\n\t\t\t\t\t<\/div>\n\t\t<\/div>\n\t\t\t\t\t<\/div>\n\t\t<\/section>\n\t\t\t\t<section class=\"elementor-section elementor-top-section elementor-element elementor-element-6f21acf elementor-section-full_width elementor-section-stretched elementor-section-height-default elementor-section-height-default\" data-id=\"6f21acf\" data-element_type=\"section\" data-settings=\"{&quot;stretch_section&quot;:&quot;section-stretched&quot;}\">\n\t\t\t\t\t\t\t<div class=\"elementor-background-overlay\"><\/div>\n\t\t\t\t\t\t\t<div class=\"elementor-container elementor-column-gap-no\">\n\t\t\t\t\t<div class=\"elementor-column elementor-col-100 elementor-top-column elementor-element elementor-element-355fc56\" data-id=\"355fc56\" data-element_type=\"column\">\n\t\t\t<div class=\"elementor-widget-wrap elementor-element-populated\">\n\t\t\t\t\t\t<section class=\"elementor-section elementor-inner-section elementor-element elementor-element-d1dcfb1 elementor-section-boxed elementor-section-height-default elementor-section-height-default\" data-id=\"d1dcfb1\" data-element_type=\"section\">\n\t\t\t\t\t\t<div class=\"elementor-container elementor-column-gap-no\">\n\t\t\t\t\t<div class=\"elementor-column elementor-col-50 elementor-inner-column elementor-element elementor-element-49cc8d5\" data-id=\"49cc8d5\" data-element_type=\"column\">\n\t\t\t<div class=\"elementor-widget-wrap elementor-element-populated\">\n\t\t\t\t\t\t<div class=\"elementor-element elementor-element-e146c0f elementor-widget elementor-widget-about_image\" data-id=\"e146c0f\" data-element_type=\"widget\" data-widget_type=\"about_image.default\">\n\t\t\t\t<div class=\"elementor-widget-container\">\n\t\t\t\t    <div class=\"about-style-one\">\r\n            <div class=\"thumb\">\r\n                <img decoding=\"async\" src=\"https:\/\/dihbai-tur.com.es\/wp-content\/uploads\/2024\/03\/portada1.jpg\" alt=\"DIH Balear Artificial Inteligence\">\r\n                                <div class=\"award\">\r\n                    <div class=\"icon\">\r\n                    \t                        \t                                                             <img decoding=\"async\" src=\"https:\/\/dihbai-tur.com.es\/wp-content\/uploads\/2024\/03\/sello_excelencia2.png\">\r\n                                                                                                    <\/div>\r\n                    <div class=\"info\">\r\n                        <h4>Sello de excelencia de la comision europea<\/h4>\r\n                        <p>\r\n                                                   <\/p>\r\n                    <\/div>\r\n                <\/div>\r\n            \t                <div class=\"thumb-shape\">\r\n                    <div class=\"shape\"><\/div>\r\n                    <div class=\"shape\"><\/div>\r\n                    <div class=\"shape\"><\/div>\r\n                    <div class=\"shape\"><\/div>\r\n                    <div class=\"shape\"><\/div>\r\n                <\/div>\r\n            <\/div>\r\n        <\/div>\r\n    \t\t<\/div>\n\t\t\t\t<\/div>\n\t\t\t\t\t<\/div>\n\t\t<\/div>\n\t\t\t\t<div class=\"elementor-column elementor-col-50 elementor-inner-column elementor-element elementor-element-1b144f6\" data-id=\"1b144f6\" data-element_type=\"column\">\n\t\t\t<div class=\"elementor-widget-wrap elementor-element-populated\">\n\t\t\t\t\t\t<div class=\"elementor-element elementor-element-1f3039c elementor-widget elementor-widget-about_content\" data-id=\"1f3039c\" data-element_type=\"widget\" data-widget_type=\"about_content.default\">\n\t\t\t\t<div class=\"elementor-widget-container\">\n\t\t\t\t    <div class=\"about-style-one\">\r\n\t        <!-- Shape -->\r\n\t        <div class=\"blur-bg\"><\/div>\r\n\t        <!-- End Shape -->\r\n\t        <div class=\"info\">\r\n\t            <h4 class=\"sub-heading mb-20\">DIHBAI-TUR<\/h4>\r\n\t            <h2 class=\"heading\">Miembro de la red Europea de Digital Innovation Hubs<\/h2>\r\n\t            <p class=\"mb-0\">Los Centros Europeos de Innovaci\u00f3n Digital (EDIH) son ventanillas \u00fanicas que ayudan a las empresas y a las organizaciones del sector p\u00fablico a responder a los desaf\u00edos digitales y ser m\u00e1s competitivos.\n\nLos EDIH ayudan a las empresas a mejorar los procesos de negocio\/producci\u00f3n, productos o servicios que utilizan tecnolog\u00edas digitales mediante:<\/p>\r\n\t            <ul class=\"short-feature-list\">\r\n\t            \t\t                <li>\r\n\t                    <h4><a href=\"#\">Proporcionar acceso<\/a><\/h4>\r\n\t                    <p>\r\n\t                        a conocimientos t\u00e9cnicos y pruebas, as\u00ed como la posibilidad de \u00abprobar antes de invertir\u00bb\t                    <\/p>\r\n\t                <\/li>\r\n\t            \t                <li>\r\n\t                    <h4><a href=\"#\">Proporcionar servicios<\/a><\/h4>\r\n\t                    <p>\r\n\t                        de innovaci\u00f3n, como asesoramiento financiero, formaci\u00f3n y desarrollo de capacidades que son fundamentales para el \u00e9xito de la transformaci\u00f3n digital\t                    <\/p>\r\n\t                <\/li>\r\n\t            \t            <\/ul>\r\n\t        <\/div>\r\n\t        <div class=\"experience\">\r\n\t        \t\t            <div class=\"left\">\r\n\t                <h2><\/h2>\r\n\t                <h4><\/h4>\r\n\t            <\/div>\r\n\t        <\/div>\r\n\t    <\/div>\r\n    \t\t<\/div>\n\t\t\t\t<\/div>\n\t\t\t\t\t<\/div>\n\t\t<\/div>\n\t\t\t\t\t<\/div>\n\t\t<\/section>\n\t\t\t\t\t<\/div>\n\t\t<\/div>\n\t\t\t\t\t<\/div>\n\t\t<\/section>\n\t\t\t\t<section class=\"elementor-section elementor-top-section elementor-element elementor-element-15a80c9 elementor-section-full_width elementor-section-stretched elementor-section-height-default elementor-section-height-default\" data-id=\"15a80c9\" data-element_type=\"section\" data-settings=\"{&quot;stretch_section&quot;:&quot;section-stretched&quot;}\">\n\t\t\t\t\t\t<div class=\"elementor-container elementor-column-gap-no\">\n\t\t\t\t\t<div class=\"elementor-column elementor-col-100 elementor-top-column elementor-element elementor-element-62dd97c top-shape-120\" data-id=\"62dd97c\" data-element_type=\"column\">\n\t\t\t<div class=\"elementor-widget-wrap elementor-element-populated\">\n\t\t\t\t\t\t<section class=\"elementor-section elementor-inner-section elementor-element elementor-element-048fba8 elementor-section-boxed elementor-section-height-default elementor-section-height-default\" data-id=\"048fba8\" data-element_type=\"section\">\n\t\t\t\t\t\t<div class=\"elementor-container elementor-column-gap-no\">\n\t\t\t\t\t<div class=\"elementor-column elementor-col-50 elementor-inner-column elementor-element elementor-element-c571e58\" data-id=\"c571e58\" data-element_type=\"column\">\n\t\t\t<div class=\"elementor-widget-wrap elementor-element-populated\">\n\t\t\t\t\t\t<div class=\"elementor-element elementor-element-206337d elementor-widget elementor-widget-crysa_achivemnt_one\" data-id=\"206337d\" data-element_type=\"widget\" data-widget_type=\"crysa_achivemnt_one.default\">\n\t\t\t\t<div class=\"elementor-widget-container\">\n\t\t\t\t<!-- Start Achivements Style One\r\n    ============================================= -->\r\n    <div class=\"achivement-style-one text-light\">\r\n        <div class=\"item\" style=\"background-image: url(https:\/\/dihbai-tur.com.es\/wp-content\/uploads\/2024\/03\/ayudas_financiacion.jpg);\">\r\n            <div class=\"progressbar\">\r\n                <div class=\"circle\" data-percent=\"85\">\r\n                    <strong><\/strong>\r\n                <\/div>\r\n            <\/div>\r\n            <div class=\"content\">\r\n                <h4>Ayudas y financiaci\u00f3n<\/h4>\r\n                <p>Informaci\u00f3n de convocatorias, pr\u00e9stamo y licitaciones disponibles a nivel local, nacional e internacional.\n\n\n<\/p>\r\n            <\/div>\r\n        <\/div>\r\n    <\/div>\r\n    <!-- End Achivements Style One -->\r\n\t\t\t<\/div>\n\t\t\t\t<\/div>\n\t\t\t\t\t<\/div>\n\t\t<\/div>\n\t\t\t\t<div class=\"elementor-column elementor-col-50 elementor-inner-column elementor-element elementor-element-3fd889f\" data-id=\"3fd889f\" data-element_type=\"column\">\n\t\t\t<div class=\"elementor-widget-wrap elementor-element-populated\">\n\t\t\t\t\t\t<div class=\"elementor-element elementor-element-e193508 elementor-widget elementor-widget-crysa_achivemnt_two\" data-id=\"e193508\" data-element_type=\"widget\" data-widget_type=\"crysa_achivemnt_two.default\">\n\t\t\t\t<div class=\"elementor-widget-container\">\n\t\t\t\t<!-- Start Achivements Style Two\r\n    ============================================= -->\r\n   \t<div class=\"achivement-style-one\">\r\n        <div class=\"item bg-gradient text-light\">\r\n            <div class=\"content\">\r\n                <div class=\"achivement\">\r\n                    <div class=\"fun-fact\">\r\n                        <div class=\"counter\">\r\n                            <div class=\"timer\" data-to=\"16\" data-speed=\"1000\">16<\/div><div class=\"operator\"> millones \u20ac<\/div>\r\n                        <\/div>\r\n                        <h4>Programa PADIH<\/h4>\r\n                    <\/div>\r\n                <\/div>\r\n                <p>Convocatoria de ayudas a la digitalizaci\u00f3n de las pymes <\/p>\r\n            <\/div>\r\n        <\/div>\r\n    <\/div>\r\n    <!-- End Achivements Style Two -->\r\n\t\t\t<\/div>\n\t\t\t\t<\/div>\n\t\t\t\t\t<\/div>\n\t\t<\/div>\n\t\t\t\t\t<\/div>\n\t\t<\/section>\n\t\t\t\t\t<\/div>\n\t\t<\/div>\n\t\t\t\t\t<\/div>\n\t\t<\/section>\n\t\t\t\t<section class=\"elementor-section elementor-top-section elementor-element elementor-element-406bbdd elementor-section-full_width elementor-section-stretched elementor-section-height-default elementor-section-height-default\" data-id=\"406bbdd\" data-element_type=\"section\" data-settings=\"{&quot;stretch_section&quot;:&quot;section-stretched&quot;}\">\n\t\t\t\t\t\t<div class=\"elementor-container elementor-column-gap-no\">\n\t\t\t\t\t<div class=\"elementor-column elementor-col-100 elementor-top-column elementor-element elementor-element-effb60d\" data-id=\"effb60d\" data-element_type=\"column\">\n\t\t\t<div class=\"elementor-widget-wrap elementor-element-populated\">\n\t\t\t\t\t\t<div class=\"elementor-element elementor-element-c8e61a4 elementor-widget elementor-widget-crysa_blog\" data-id=\"c8e61a4\" data-element_type=\"widget\" data-widget_type=\"crysa_blog.default\">\n\t\t\t\t<div class=\"elementor-widget-container\">\n\t\t\t    <!-- Start Blog -->\r\n    <div class=\"blog-area grid-style\">\r\n    \t        <div class=\"container\">\r\n\t        <div class=\"container-full\">\r\n\t            <div class=\"row\">\r\n\t                <div class=\"col-lg-8 offset-lg-2\">\r\n\t                    <div class=\"site-heading text-center\">\r\n\t                    \t\t                        \t<h4 class=\"sub-title\">FROM THE BLOG<\/h4>\r\n\t                        \t                        \t                        \t<h2 class=\"title\">Latest News & Articles<\/h2>\r\n\t                        \t                    <\/div>\r\n\t                <\/div>\r\n\t            <\/div>\r\n\t        <\/div>\r\n        <\/div>\r\n                <div class=\"container\">\r\n            <div class=\"blog-items\">\r\n                <div class=\"row\">\r\n                                        <!-- Single Itme -->\r\n                    <div class=\"single-item col-lg-4 col-md-6\">\r\n                        <div class=\"item\">\r\n                        \t\t                            <div class=\"thumb\">\r\n\t                                <img decoding=\"async\" src=\"https:\/\/dihbai-tur.com\/wp-content\/uploads\/2022\/01\/271301837_10160051129902272_451036197213940045_n-800x539.jpg\" alt=\"Thumb\">\r\n\t                            <\/div>\r\n                                                        <div class=\"info\">\r\n                                <div class=\"meta\">\r\n                                   <ul>\r\n\t\t\t\t\t\t\t\t\t    <li>\r\n\t\t\t\t\t\t\t\t\t        <i class=\"fas fa-calendar-alt\"><\/i>January 5, 2022\t\t\t\t\t\t\t\t\t    <\/li>\r\n\t\t\t\t\t\t\t\t\t    <li>\r\n\t\t\t\t\t\t\t\t\t        <a href=\"https:\/\/dihbai-tur.com\/en\/author\/dihbaitur_goe89zkt\/\">\r\n\t\t\t\t\t\t\t\t\t            <i class=\"fas fa-user-circle\"><\/i>\r\n\t\t\t\t\t\t\t\t\t            <span>admin<\/span>\r\n\t\t\t\t\t\t\t\t\t        <\/a>\r\n\t\t\t\t\t\t\t\t\t    <\/li>\r\n\t\t\t\t\t\t\t\t\t<\/ul>\r\n                                <\/div>\r\n                                <h4><a href=\"https:\/\/dihbai-tur.com\/en\/gestion-de-la-demanda-y-afluencia-en-destinos-turisticos-19-de-enero-de-2022\/\">Gesti\u00f3n de la demanda y afluencia en destinos tur\u00edsticos &#8211; 19 de enero de 2022<\/a><\/h4>\r\n                                <p>\r\n                                    El mi\u00e9rcoles 19 de enero a las 12:25, Dolores Ordo\u00f1ez, directora general de AnySolution participar\u00e1 con                                <\/p>\r\n                                <a href=\"https:\/\/dihbai-tur.com\/en\/gestion-de-la-demanda-y-afluencia-en-destinos-turisticos-19-de-enero-de-2022\/\" class=\"btn-simple\">Read More \t\t                            \t\t                                                                    <i class=\"fas fa-plus\"><\/i>\r\n\t\t                             <\/a>\r\n                            <\/div>\r\n                        <\/div>\r\n                    <\/div>\r\n                    <!-- End Single Itme -->\r\n                                        <!-- Single Itme -->\r\n                    <div class=\"single-item col-lg-4 col-md-6\">\r\n                        <div class=\"item\">\r\n                        \t\t                            <div class=\"thumb\">\r\n\t                                <img decoding=\"async\" src=\"https:\/\/dihbai-tur.com\/wp-content\/uploads\/2022\/01\/272764638_5228746893825038_7457543071039590742_n-1080x675-1-800x600.jpg\" alt=\"Thumb\">\r\n\t                            <\/div>\r\n                                                        <div class=\"info\">\r\n                                <div class=\"meta\">\r\n                                   <ul>\r\n\t\t\t\t\t\t\t\t\t    <li>\r\n\t\t\t\t\t\t\t\t\t        <i class=\"fas fa-calendar-alt\"><\/i>January 25, 2022\t\t\t\t\t\t\t\t\t    <\/li>\r\n\t\t\t\t\t\t\t\t\t    <li>\r\n\t\t\t\t\t\t\t\t\t        <a href=\"https:\/\/dihbai-tur.com\/en\/author\/dihbaitur_goe89zkt\/\">\r\n\t\t\t\t\t\t\t\t\t            <i class=\"fas fa-user-circle\"><\/i>\r\n\t\t\t\t\t\t\t\t\t            <span>admin<\/span>\r\n\t\t\t\t\t\t\t\t\t        <\/a>\r\n\t\t\t\t\t\t\t\t\t    <\/li>\r\n\t\t\t\t\t\t\t\t\t<\/ul>\r\n                                <\/div>\r\n                                <h4><a href=\"https:\/\/dihbai-tur.com\/en\/nadia-dti-solucion-tecnologica-para-dtis-edicion-2022-segittur\/\">NADIA DTI &#8211; Soluci\u00f3n tecnol\u00f3gica para DTIs &#8211; Edici\u00f3n 2022 &#8211; SEGITTUR<\/a><\/h4>\r\n                                <p>\r\n                                    NADIA DTI, una soluci\u00f3n creada por AnySolution, uno de los miembros fundadores de DIHBAI-TUR, ha sido                                <\/p>\r\n                                <a href=\"https:\/\/dihbai-tur.com\/en\/nadia-dti-solucion-tecnologica-para-dtis-edicion-2022-segittur\/\" class=\"btn-simple\">Read More \t\t                            \t\t                                                                    <i class=\"fas fa-plus\"><\/i>\r\n\t\t                             <\/a>\r\n                            <\/div>\r\n                        <\/div>\r\n                    <\/div>\r\n                    <!-- End Single Itme -->\r\n                                        <!-- Single Itme -->\r\n                    <div class=\"single-item col-lg-4 col-md-6\">\r\n                        <div class=\"item\">\r\n                        \t\t                            <div class=\"thumb\">\r\n\t                                <img decoding=\"async\" src=\"https:\/\/dihbai-tur.com\/wp-content\/uploads\/2022\/03\/277097674_5397131896986536_2589260542797948329_n-980x441-1-800x441.jpg\" alt=\"Thumb\">\r\n\t                            <\/div>\r\n                                                        <div class=\"info\">\r\n                                <div class=\"meta\">\r\n                                   <ul>\r\n\t\t\t\t\t\t\t\t\t    <li>\r\n\t\t\t\t\t\t\t\t\t        <i class=\"fas fa-calendar-alt\"><\/i>March 20, 2022\t\t\t\t\t\t\t\t\t    <\/li>\r\n\t\t\t\t\t\t\t\t\t    <li>\r\n\t\t\t\t\t\t\t\t\t        <a href=\"https:\/\/dihbai-tur.com\/en\/author\/dihbaitur_goe89zkt\/\">\r\n\t\t\t\t\t\t\t\t\t            <i class=\"fas fa-user-circle\"><\/i>\r\n\t\t\t\t\t\t\t\t\t            <span>admin<\/span>\r\n\t\t\t\t\t\t\t\t\t        <\/a>\r\n\t\t\t\t\t\t\t\t\t    <\/li>\r\n\t\t\t\t\t\t\t\t\t<\/ul>\r\n                                <\/div>\r\n                                <h4><a href=\"https:\/\/dihbai-tur.com\/en\/asamblea-constituyente-gaia-x-espana-18-de-marzo-de-2022\/\">Asamblea Constituyente Gaia-X Espa\u00f1a &#8211; 18 de marzo de 2022<\/a><\/h4>\r\n                                <p>\r\n                                    El pasado18 de marzo de 2022 tuvo lugar en Talavera de la Reina la creaci\u00f3n de                                <\/p>\r\n                                <a href=\"https:\/\/dihbai-tur.com\/en\/asamblea-constituyente-gaia-x-espana-18-de-marzo-de-2022\/\" class=\"btn-simple\">Read More \t\t                            \t\t                                                                    <i class=\"fas fa-plus\"><\/i>\r\n\t\t                             <\/a>\r\n                            <\/div>\r\n                        <\/div>\r\n                    <\/div>\r\n                    <!-- End Single Itme -->\r\n                                    <\/div>\r\n            <\/div>\r\n        <\/div>\r\n    <\/div>\r\n    <!-- End Blog Area  -->\r\n  \t\r\n    \t\t<\/div>\n\t\t\t\t<\/div>\n\t\t\t\t\t<\/div>\n\t\t<\/div>\n\t\t\t\t\t<\/div>\n\t\t<\/section>\n\t\t<div class=\"elementor-element elementor-element-44f751e e-flex e-con-boxed e-con e-parent\" data-id=\"44f751e\" data-element_type=\"container\" data-core-v316-plus=\"true\">\n\t\t\t\t\t<div class=\"e-con-inner\">\n\t\t\t\t\t<\/div>\n\t\t\t\t<\/div>\n\t\t\t\t<\/div>\n\t\t","protected":false},"excerpt":{"rendered":"<p>Transformaci\u00f3n digital aplicada al turismo Transformaci\u00f3n digital aplicada a las empresas Transformaci\u00f3n digital aplicada a la agricultura Sello de excelencia de la comision europea DIHBAI-TUR Miembro de la red Europea de Digital Innovation Hubs Los Centros Europeos de Innovaci\u00f3n Digital (EDIH) son ventanillas \u00fanicas que ayudan a las empresas y a las organizaciones del sector [&hellip;]<\/p>\n","protected":false},"author":1,"featured_media":0,"parent":0,"menu_order":0,"comment_status":"closed","ping_status":"closed","template":"elementor_header_footer","meta":{"footnotes":""},"_links":{"self":[{"href":"https:\/\/dihbai-tur.com\/en\/wp-json\/wp\/v2\/pages\/2674"}],"collection":[{"href":"https:\/\/dihbai-tur.com\/en\/wp-json\/wp\/v2\/pages"}],"about":[{"href":"https:\/\/dihbai-tur.com\/en\/wp-json\/wp\/v2\/types\/page"}],"author":[{"embeddable":true,"href":"https:\/\/dihbai-tur.com\/en\/wp-json\/wp\/v2\/users\/1"}],"replies":[{"embeddable":true,"href":"https:\/\/dihbai-tur.com\/en\/wp-json\/wp\/v2\/comments?post=2674"}],"version-history":[{"count":1,"href":"https:\/\/dihbai-tur.com\/en\/wp-json\/wp\/v2\/pages\/2674\/revisions"}],"predecessor-version":[{"id":2677,"href":"https:\/\/dihbai-tur.com\/en\/wp-json\/wp\/v2\/pages\/2674\/revisions\/2677"}],"wp:attachment":[{"href":"https:\/\/dihbai-tur.com\/en\/wp-json\/wp\/v2\/media?parent=2674"}],"curies":[{"name":"wp","href":"https:\/\/api.w.org\/{rel}","templated":true}]}}